{"id":823,"date":"2020-04-22T13:13:34","date_gmt":"2020-04-22T11:13:34","guid":{"rendered":"http:\/\/www.wundertexte.de\/?page_id=823"},"modified":"2022-01-18T16:12:19","modified_gmt":"2022-01-18T15:12:19","slug":"wundertexte-fuer-sie-2","status":"publish","type":"page","link":"https:\/\/www.wundertexte.de\/wundertexte-startseite\/wundertexte-fuer-sie-2\/","title":{"rendered":"Wundertexte f\u00fcr Sie"},"content":{"rendered":"\n<h2 class=\"has-text-align-center wp-block-heading\"><strong>Wundertexte<\/strong> <strong>\u00fcber Sie<\/strong><\/h2>\n\n\n\n<p>Sie kennen das: Auf Homepages gibt es gerne die Seite <em>\u201e\u00dcber mich\u201c<\/em> oder <em>\u201e\u00dcber uns\u201c<\/em>. Mein erster Blick geht fast immer zuerst darauf, denn ich will wissen, mit wem ich es zu tun habe. Aus welchem Grund oder mit welcher Intention hat jemand die Website erstellt? Was will er oder sie erreichen, verkaufen oder anpreisen? Gef\u00e4llt mir das Geschriebene und spricht es mich an, bleibe ich auch h\u00e4ngen.<\/p>\n\n\n\n<p>Doch jeder, der solch eine Selbstdarstellung \u00fcber sich schreiben soll, wei\u00df, wie schwer das ist. Wie finde ich die richtigen Worte, ohne dass es zu \u00fcberheblich, anpreisend oder auch zu bescheiden klingt? Was soll man schon \u00fcber sich selbst schreiben?<\/p>\n\n\n\n<p>Hier kann ich Ihnen helfen: Denn ich schreibe <strong>f\u00fcr Sie<\/strong> \u00fcber Sie!<\/p>\n\n\n\n<p>Egal, ob Sie <strong>Privatperson<\/strong> oder ein <strong>beruflicher Einzelk\u00e4mpfer<\/strong> sind, ein <strong>Unternehmen<\/strong> betreiben oder einen <strong>Verein <\/strong>gegr\u00fcndet haben.<\/p>\n\n\n\n<p>Egal, ob Sie ein <strong>Portr\u00e4t<\/strong> in Kurzversion, in Zeitungsartikel-L\u00e4nge oder Buchform als <strong>Biografie<\/strong> oder <strong>Firmen-Chronik<\/strong> ben\u00f6tigen.<\/p>\n\n\n\n<p>Egal ob f\u00fcr Sie <strong>ganz pers\u00f6nlich<\/strong>, f\u00fcr Ihre <strong>Familie<\/strong> und <strong>Freunde<\/strong> oder als Pr\u00e4sent f\u00fcr <strong>Gesch\u00e4ftspartner<\/strong> oder <strong>Mitarbeitende<\/strong>.<\/p>\n\n\n\n<p><strong><em>Wundertexte \u00fcber Sie bedeutet<\/em><\/strong>: <br>Sie erz\u00e4hlen \u00fcber sich \u2013 ich schreibe \u00fcber Sie!<\/p>\n\n\n\n<p><\/p>\n\n\n\n<h2 class=\"has-text-align-center wp-block-heading\"><strong>Wundertexte on demand<\/strong><\/h2>\n\n\n\n<p>Nicht selten haben Sie als Unternehmer, sei es im handwerklichen Ein-Mann(Frau)-Betrieb oder in einer mittelst\u00e4ndischen Firma, aktionsbezogenen, <em>zeitlich begrenzten<\/em> Bedarf an Pressearbeit. Das kann eine <strong>Pressemitteilung <\/strong>sein, um zum Beispiel bestimmte Themen oder Aktionen zu lancieren, neue Projekte oder Produkte vorzustellen. Das kann ein <strong>Mailing<\/strong> sein, um Kunden oder Gesch\u00e4ftspartner zu informieren. Das kann aber auch eine <strong>Pressekonferenz<\/strong> sein, die organisiert, zu der Journalisten eingeladen und entsprechendes <strong>Pressematerial<\/strong> erstellt und verteilt werden soll.<\/p>\n\n\n\n<p><strong><em>Wundertexte on demand<\/em><\/strong> bedeutet: <br>Sie profitieren von meiner langj\u00e4hrigen Erfahrung als Journalistin. &nbsp;Ich unterst\u00fctze Sie punktuell und aktionsbezogen, ohne eine vertragliche Laufzeit, aber mit einem f\u00fcr Sie klar kalkulierbaren Budget.<\/p>\n\n\n\n<p><\/p>\n\n\n\n<h2 class=\"has-text-align-center wp-block-heading\"><strong>Wundertexte ausgesprochen und schwarz auf wei\u00df<\/strong><\/h2>\n\n\n\n<p>Sie d\u00fcrfen eine launige <strong>Rede<\/strong> auf dem runden Geburtstag des Schwiegervaters halten? Sie sind zum Event eines Gesch\u00e4ftskunden eingeladen und sollen dort ein paar Worte sprechen? Ein befreundeter K\u00fcnstler hat Sie gebeten, bei seiner Vernissage die <strong>Laudatio<\/strong> zu halten?<\/p>\n\n\n\n<p>Oder Sie sind gebeten worden, ein kurzes <strong>schriftliches Gru\u00dfwort<\/strong> f\u00fcr das Jubil\u00e4um eines Vereins oder die Firmen-Chronik eines Gesch\u00e4ftspartners beizusteuern?<\/p>\n\n\n\n<p>Ihnen f\u00e4llt aber partout nichts ein? Mir schon!<\/p>\n\n\n\n<p><strong><em>Wundertexte ausgesprochen und schwarz auf wei\u00df<\/em><\/strong> bedeutet: <br>Sie reden \u2013 ich bereite Ihnen ein perfektes Redemanuskript vor. <br>Sie steuern ein schriftliches Gru\u00dfwort bei \u2013 ich verfasse es und \u00fcbernehme die Vorab-Recherchen.<\/p>\n\n\n\n<p class=\"has-text-align-center\"><span class=\"has-inline-color has-vivid-red-color\"><strong>Kontaktieren Sie mich per Mail an<\/strong><\/span><br><span class=\"has-inline-color has-vivid-red-color\"><strong> <a href=\"mailto:info@wundertexte.de\">info@wundertexte.de<\/a><\/strong><\/span>,<br><span class=\"has-inline-color has-vivid-red-color\"><strong>dann kl\u00e4ren wir alle Detailfragen, den Ablauf, den zeitlichen Rahmen und das Honorar.<\/strong><\/span><\/p>\n\n\n\n<p class=\"has-text-align-center\"><strong>Ich freue mich auf Ihre Anfragen!<\/strong> <\/p>\n","protected":false},"excerpt":{"rendered":"<p>Wundertexte \u00fcber Sie Sie kennen das: Auf Homepages gibt es gerne die Seite \u201e\u00dcber mich\u201c oder \u201e\u00dcber uns\u201c. Mein erster Blick geht fast immer zuerst darauf, denn ich will wissen, mit wem ich es zu tun habe. Aus welchem Grund oder mit welcher Intention hat jemand die Website erstellt? Was will er oder sie erreichen, [&hellip;]<\/p>\n","protected":false},"author":1,"featured_media":0,"parent":0,"menu_order":0,"comment_status":"closed","ping_status":"closed","template":"","meta":{"footnotes":""},"class_list":["post-823","page","type-page","status-publish","hentry"],"yoast_head":"<!-- This site is optimized with the Yoast SEO plugin v22.7 - https:\/\/yoast.com\/wordpress\/plugins\/seo\/ -->\n<title>Wundertexte f\u00fcr Sie - Wundertexte<\/title>\n<meta name=\"description\" content=\"Wundertexte f\u00fcr Sie, das sind passgenaue Texte f\u00fcr Privatpersonen, berufliche Einzelk\u00e4mpfer, Unternehmen oder Vereine und Initiativen.\" \/>\n<meta name=\"robots\" content=\"index, follow, max-snippet:-1, max-image-preview:large, max-video-preview:-1\" \/>\n<link rel=\"canonical\" href=\"https:\/\/www.wundertexte.de\/wundertexte-startseite\/wundertexte-fuer-sie-2\/\" \/>\n<meta property=\"og:locale\" content=\"de_DE\" \/>\n<meta property=\"og:type\" content=\"article\" \/>\n<meta property=\"og:title\" content=\"Wundertexte f\u00fcr Sie - Wundertexte\" \/>\n<meta property=\"og:description\" content=\"Wundertexte f\u00fcr Sie, das sind passgenaue Texte f\u00fcr Privatpersonen, berufliche Einzelk\u00e4mpfer, Unternehmen oder Vereine und Initiativen.\" \/>\n<meta property=\"og:url\" content=\"https:\/\/www.wundertexte.de\/wundertexte-startseite\/wundertexte-fuer-sie-2\/\" \/>\n<meta property=\"og:site_name\" content=\"Wundertexte\" \/>\n<meta property=\"article:publisher\" content=\"https:\/\/www.facebook.com\/ClaudiaWundertexte\" \/>\n<meta property=\"article:modified_time\" content=\"2022-01-18T15:12:19+00:00\" \/>\n<meta property=\"og:image\" content=\"https:\/\/www.wundertexte.de\/wp-content\/uploads\/2018\/01\/wundertexte-3-schlicht-s_w.jpg\" \/>\n\t<meta property=\"og:image:width\" content=\"1280\" \/>\n\t<meta property=\"og:image:height\" content=\"800\" \/>\n\t<meta property=\"og:image:type\" content=\"image\/jpeg\" \/>\n<meta name=\"twitter:card\" content=\"summary_large_image\" \/>\n<meta name=\"twitter:label1\" content=\"Gesch\u00e4tzte Lesezeit\" \/>\n\t<meta name=\"twitter:data1\" content=\"3\u00a0Minuten\" \/>\n<script type=\"application\/ld+json\" class=\"yoast-schema-graph\">{\"@context\":\"https:\/\/schema.org\",\"@graph\":[{\"@type\":\"WebPage\",\"@id\":\"https:\/\/www.wundertexte.de\/wundertexte-startseite\/wundertexte-fuer-sie-2\/\",\"url\":\"https:\/\/www.wundertexte.de\/wundertexte-startseite\/wundertexte-fuer-sie-2\/\",\"name\":\"Wundertexte f\u00fcr Sie - Wundertexte\",\"isPartOf\":{\"@id\":\"https:\/\/www.wundertexte.de\/wundertexte-startseite\/#website\"},\"datePublished\":\"2020-04-22T11:13:34+00:00\",\"dateModified\":\"2022-01-18T15:12:19+00:00\",\"description\":\"Wundertexte f\u00fcr Sie, das sind passgenaue Texte f\u00fcr Privatpersonen, berufliche Einzelk\u00e4mpfer, Unternehmen oder Vereine und Initiativen.\",\"breadcrumb\":{\"@id\":\"https:\/\/www.wundertexte.de\/wundertexte-startseite\/wundertexte-fuer-sie-2\/#breadcrumb\"},\"inLanguage\":\"de\",\"potentialAction\":[{\"@type\":\"ReadAction\",\"target\":[\"https:\/\/www.wundertexte.de\/wundertexte-startseite\/wundertexte-fuer-sie-2\/\"]}]},{\"@type\":\"BreadcrumbList\",\"@id\":\"https:\/\/www.wundertexte.de\/wundertexte-startseite\/wundertexte-fuer-sie-2\/#breadcrumb\",\"itemListElement\":[{\"@type\":\"ListItem\",\"position\":1,\"name\":\"Startseite\",\"item\":\"https:\/\/www.wundertexte.de\/wundertexte-startseite\/\"},{\"@type\":\"ListItem\",\"position\":2,\"name\":\"Wundertexte f\u00fcr Sie\"}]},{\"@type\":\"WebSite\",\"@id\":\"https:\/\/www.wundertexte.de\/wundertexte-startseite\/#website\",\"url\":\"https:\/\/www.wundertexte.de\/wundertexte-startseite\/\",\"name\":\"Wundertexte\",\"description\":\"Wunder macht Texte\",\"publisher\":{\"@id\":\"https:\/\/www.wundertexte.de\/wundertexte-startseite\/#organization\"},\"potentialAction\":[{\"@type\":\"SearchAction\",\"target\":{\"@type\":\"EntryPoint\",\"urlTemplate\":\"https:\/\/www.wundertexte.de\/wundertexte-startseite\/?s={search_term_string}\"},\"query-input\":\"required name=search_term_string\"}],\"inLanguage\":\"de\"},{\"@type\":\"Organization\",\"@id\":\"https:\/\/www.wundertexte.de\/wundertexte-startseite\/#organization\",\"name\":\"Wundertexte\",\"url\":\"https:\/\/www.wundertexte.de\/wundertexte-startseite\/\",\"logo\":{\"@type\":\"ImageObject\",\"inLanguage\":\"de\",\"@id\":\"https:\/\/www.wundertexte.de\/wundertexte-startseite\/#\/schema\/logo\/image\/\",\"url\":\"https:\/\/www.wundertexte.de\/wp-content\/uploads\/2021\/11\/LOGO_wundertexte_RGB_400x400px.jpg\",\"contentUrl\":\"https:\/\/www.wundertexte.de\/wp-content\/uploads\/2021\/11\/LOGO_wundertexte_RGB_400x400px.jpg\",\"width\":1668,\"height\":1667,\"caption\":\"Wundertexte\"},\"image\":{\"@id\":\"https:\/\/www.wundertexte.de\/wundertexte-startseite\/#\/schema\/logo\/image\/\"},\"sameAs\":[\"https:\/\/www.facebook.com\/ClaudiaWundertexte\",\"https:\/\/www.instagram.com\/_wundertexte_\"]}]}<\/script>\n<!-- \/ Yoast SEO plugin. -->","yoast_head_json":{"title":"Wundertexte f\u00fcr Sie - Wundertexte","description":"Wundertexte f\u00fcr Sie, das sind passgenaue Texte f\u00fcr Privatpersonen, berufliche Einzelk\u00e4mpfer, Unternehmen oder Vereine und Initiativen.","robots":{"index":"index","follow":"follow","max-snippet":"max-snippet:-1","max-image-preview":"max-image-preview:large","max-video-preview":"max-video-preview:-1"},"canonical":"https:\/\/www.wundertexte.de\/wundertexte-startseite\/wundertexte-fuer-sie-2\/","og_locale":"de_DE","og_type":"article","og_title":"Wundertexte f\u00fcr Sie - Wundertexte","og_description":"Wundertexte f\u00fcr Sie, das sind passgenaue Texte f\u00fcr Privatpersonen, berufliche Einzelk\u00e4mpfer, Unternehmen oder Vereine und Initiativen.","og_url":"https:\/\/www.wundertexte.de\/wundertexte-startseite\/wundertexte-fuer-sie-2\/","og_site_name":"Wundertexte","article_publisher":"https:\/\/www.facebook.com\/ClaudiaWundertexte","article_modified_time":"2022-01-18T15:12:19+00:00","og_image":[{"width":1280,"height":800,"url":"https:\/\/www.wundertexte.de\/wp-content\/uploads\/2018\/01\/wundertexte-3-schlicht-s_w.jpg","type":"image\/jpeg"}],"twitter_card":"summary_large_image","twitter_misc":{"Gesch\u00e4tzte Lesezeit":"3\u00a0Minuten"},"schema":{"@context":"https:\/\/schema.org","@graph":[{"@type":"WebPage","@id":"https:\/\/www.wundertexte.de\/wundertexte-startseite\/wundertexte-fuer-sie-2\/","url":"https:\/\/www.wundertexte.de\/wundertexte-startseite\/wundertexte-fuer-sie-2\/","name":"Wundertexte f\u00fcr Sie - Wundertexte","isPartOf":{"@id":"https:\/\/www.wundertexte.de\/wundertexte-startseite\/#website"},"datePublished":"2020-04-22T11:13:34+00:00","dateModified":"2022-01-18T15:12:19+00:00","description":"Wundertexte f\u00fcr Sie, das sind passgenaue Texte f\u00fcr Privatpersonen, berufliche Einzelk\u00e4mpfer, Unternehmen oder Vereine und Initiativen.","breadcrumb":{"@id":"https:\/\/www.wundertexte.de\/wundertexte-startseite\/wundertexte-fuer-sie-2\/#breadcrumb"},"inLanguage":"de","potentialAction":[{"@type":"ReadAction","target":["https:\/\/www.wundertexte.de\/wundertexte-startseite\/wundertexte-fuer-sie-2\/"]}]},{"@type":"BreadcrumbList","@id":"https:\/\/www.wundertexte.de\/wundertexte-startseite\/wundertexte-fuer-sie-2\/#breadcrumb","itemListElement":[{"@type":"ListItem","position":1,"name":"Startseite","item":"https:\/\/www.wundertexte.de\/wundertexte-startseite\/"},{"@type":"ListItem","position":2,"name":"Wundertexte f\u00fcr Sie"}]},{"@type":"WebSite","@id":"https:\/\/www.wundertexte.de\/wundertexte-startseite\/#website","url":"https:\/\/www.wundertexte.de\/wundertexte-startseite\/","name":"Wundertexte","description":"Wunder macht Texte","publisher":{"@id":"https:\/\/www.wundertexte.de\/wundertexte-startseite\/#organization"},"potentialAction":[{"@type":"SearchAction","target":{"@type":"EntryPoint","urlTemplate":"https:\/\/www.wundertexte.de\/wundertexte-startseite\/?s={search_term_string}"},"query-input":"required name=search_term_string"}],"inLanguage":"de"},{"@type":"Organization","@id":"https:\/\/www.wundertexte.de\/wundertexte-startseite\/#organization","name":"Wundertexte","url":"https:\/\/www.wundertexte.de\/wundertexte-startseite\/","logo":{"@type":"ImageObject","inLanguage":"de","@id":"https:\/\/www.wundertexte.de\/wundertexte-startseite\/#\/schema\/logo\/image\/","url":"https:\/\/www.wundertexte.de\/wp-content\/uploads\/2021\/11\/LOGO_wundertexte_RGB_400x400px.jpg","contentUrl":"https:\/\/www.wundertexte.de\/wp-content\/uploads\/2021\/11\/LOGO_wundertexte_RGB_400x400px.jpg","width":1668,"height":1667,"caption":"Wundertexte"},"image":{"@id":"https:\/\/www.wundertexte.de\/wundertexte-startseite\/#\/schema\/logo\/image\/"},"sameAs":["https:\/\/www.facebook.com\/ClaudiaWundertexte","https:\/\/www.instagram.com\/_wundertexte_"]}]}},"_links":{"self":[{"href":"https:\/\/www.wundertexte.de\/wundertexte-startseite\/wp-json\/wp\/v2\/pages\/823","targetHints":{"allow":["GET"]}}],"collection":[{"href":"https:\/\/www.wundertexte.de\/wundertexte-startseite\/wp-json\/wp\/v2\/pages"}],"about":[{"href":"https:\/\/www.wundertexte.de\/wundertexte-startseite\/wp-json\/wp\/v2\/types\/page"}],"author":[{"embeddable":true,"href":"https:\/\/www.wundertexte.de\/wundertexte-startseite\/wp-json\/wp\/v2\/users\/1"}],"replies":[{"embeddable":true,"href":"https:\/\/www.wundertexte.de\/wundertexte-startseite\/wp-json\/wp\/v2\/comments?post=823"}],"version-history":[{"count":4,"href":"https:\/\/www.wundertexte.de\/wundertexte-startseite\/wp-json\/wp\/v2\/pages\/823\/revisions"}],"predecessor-version":[{"id":1114,"href":"https:\/\/www.wundertexte.de\/wundertexte-startseite\/wp-json\/wp\/v2\/pages\/823\/revisions\/1114"}],"wp:attachment":[{"href":"https:\/\/www.wundertexte.de\/wundertexte-startseite\/wp-json\/wp\/v2\/media?parent=823"}],"curies":[{"name":"wp","href":"https:\/\/api.w.org\/{rel}","templated":true}]}}