{"id":82,"date":"2018-01-25T15:47:18","date_gmt":"2018-01-25T15:47:18","guid":{"rendered":"http:\/\/www.wundertexte.de\/?page_id=82"},"modified":"2022-01-18T16:28:18","modified_gmt":"2022-01-18T15:28:18","slug":"lauf-wunder","status":"publish","type":"page","link":"https:\/\/www.wundertexte.de\/wundertexte-startseite\/lauf-wunder\/","title":{"rendered":"Lauf, Wunder!"},"content":{"rendered":"<h4 class=\"entry-title\">Fisch schwimmt. Vogel fliegt. Mensch l\u00e4uft.<\/h4>\n<p><!-- .entry-header --><\/p>\n<div class=\"entry-content\">\n<p>Es gibt ja zahlreiche Gr\u00fcnde, warum jemand l\u00e4uft.<\/p>\n<p>Fisch schwimmt. Vogel fliegt. Mensch l\u00e4uft.<\/p>\n<p>So hat es kurz und knackig Emil Z\u00e1topek, einer der besten L\u00e4ufer seiner Zeit, zusammengefasst.<br \/>Was kaum jemand wei\u00df: Es sprach eigentlich alles gegen seine sportliche Karriere. Seine Eltern verschm\u00e4hten Sport, zu seinem ersten Wettkampf musste er gezwungen werden. Danach verspotteten ihn die Zuschauer. Und die Trainer sagten, er mache alles falsch. Trotzdem wurde er zum vierfachen Olympiasieger.<\/p>\n<p>Z\u00e1topek Geheimrezept: die Liebe zum Laufen und unb\u00e4ndiger Trainingswille. Damit glich er nicht nur mangelndes Talent aus, er revolutionierte auch das Trainingssystem. Statt langer, langsamer L\u00e4ufe absolvierte er Tempol\u00e4ufe auf kurze Strecken in einem m\u00f6rderischen Tempo. Immer wieder setzte er 400-Meter-Sprints an, bis zu 90 Mal (!) hintereinander. Seine Idee: Ein hartes Training soll den Lauf im echten Wettkampf m\u00f6glichst einfach erscheinen lassen. Daher fuhr er zum Beispiel im Winter das volle Abh\u00e4rtungsprogramm: lange L\u00e4ufe nachts durch den Schnee \u2013 in Milit\u00e4rstiefeln. Z\u00e1topek probierte es auch mit L\u00e4ufen, bei denen er die Luft so lange wie m\u00f6glich anhielt, oder mit eiskalten Duschen nach hartem Training. Manchmal f\u00e4llt er dabei in Ohnmacht.<\/p>\n<p>Mindestens genauso eigenwillig war auch Z\u00e1topeks Laufstil: \u201eDas abscheulichste Horrorspektakel seit Frankenstein\u201c oder \u201eEr sieht aus, als ob man ihm gerade das Herz durchsto\u00dfen h\u00e4tte\u201c, titelte die Presse unter anderem.<br \/>Z\u00e1topek lief nicht \u2013 er pfl\u00fcgte \u00fcber die Bahn. Ballte die F\u00e4uste, ruderte wild mit den Armen,\u00a0sein Oberk\u00f6rper zuckte, die Zunge streckte er heraus und obendrein gab er pfeifende Ger\u00e4usche von sich. US-Leichtathletik-Trainer Larry Snider meinte bei seinem Anblick fassungslos: \u201eEr macht alles falsch, aber er gewinnt.\u201c<\/p>\n<p>Doch Z\u00e1topek pfiff auf die Kritik. Fragen nach seinem ungew\u00f6hnlichen Laufstil beantwortete er mit Spr\u00fcchen wie: \u201eWir sind ja nicht beim Eiskunstlaufen.\u201c Und f\u00fcgte oft mit einem Augenzwinkern hinzu: \u201eIch bin einfach nicht talentiert genug, um beim Laufen noch zu l\u00e4cheln.\u201c Das tat er daf\u00fcr nach den L\u00e4ufen.<\/p>\n<p>\u00a0<\/p>\n<\/div>\n\n\n<p><\/p>\n","protected":false},"excerpt":{"rendered":"<p>Fisch schwimmt. Vogel fliegt. Mensch l\u00e4uft. Es gibt ja zahlreiche Gr\u00fcnde, warum jemand l\u00e4uft. Fisch schwimmt. Vogel fliegt. Mensch l\u00e4uft. So hat es kurz und knackig Emil Z\u00e1topek, einer der besten L\u00e4ufer seiner Zeit, zusammengefasst.Was kaum jemand wei\u00df: Es sprach eigentlich alles gegen seine sportliche Karriere. Seine Eltern verschm\u00e4hten Sport, zu seinem ersten Wettkampf musste [&hellip;]<\/p>\n","protected":false},"author":1,"featured_media":0,"parent":0,"menu_order":0,"comment_status":"closed","ping_status":"closed","template":"","meta":{"footnotes":""},"class_list":["post-82","page","type-page","status-publish","hentry"],"yoast_head":"<!-- This site is optimized with the Yoast SEO plugin v22.7 - https:\/\/yoast.com\/wordpress\/plugins\/seo\/ -->\n<title>Lauf, Wunder! - Wundertexte<\/title>\n<meta name=\"description\" content=\"Fisch schwimmt. Vogel fliegt. Mensch l\u00e4uft. Wunder l\u00e4uft. Und schreibt dar\u00fcber.\" \/>\n<meta name=\"robots\" content=\"index, follow, max-snippet:-1, max-image-preview:large, max-video-preview:-1\" \/>\n<link rel=\"canonical\" href=\"https:\/\/www.wundertexte.de\/wundertexte-startseite\/lauf-wunder\/\" \/>\n<meta property=\"og:locale\" content=\"de_DE\" \/>\n<meta property=\"og:type\" content=\"article\" \/>\n<meta property=\"og:title\" content=\"Lauf, Wunder! - Wundertexte\" \/>\n<meta property=\"og:description\" content=\"Fisch schwimmt. Vogel fliegt. Mensch l\u00e4uft. Wunder l\u00e4uft. Und schreibt dar\u00fcber.\" \/>\n<meta property=\"og:url\" content=\"https:\/\/www.wundertexte.de\/wundertexte-startseite\/lauf-wunder\/\" \/>\n<meta property=\"og:site_name\" content=\"Wundertexte\" \/>\n<meta property=\"article:publisher\" content=\"https:\/\/www.facebook.com\/ClaudiaWundertexte\" \/>\n<meta property=\"article:modified_time\" content=\"2022-01-18T15:28:18+00:00\" \/>\n<meta property=\"og:image\" content=\"https:\/\/www.wundertexte.de\/wp-content\/uploads\/2018\/01\/wundertexte-3-schlicht-s_w.jpg\" \/>\n\t<meta property=\"og:image:width\" content=\"1280\" \/>\n\t<meta property=\"og:image:height\" content=\"800\" \/>\n\t<meta property=\"og:image:type\" content=\"image\/jpeg\" \/>\n<meta name=\"twitter:card\" content=\"summary_large_image\" \/>\n<meta name=\"twitter:label1\" content=\"Gesch\u00e4tzte Lesezeit\" \/>\n\t<meta name=\"twitter:data1\" content=\"2\u00a0Minuten\" \/>\n<script type=\"application\/ld+json\" class=\"yoast-schema-graph\">{\"@context\":\"https:\/\/schema.org\",\"@graph\":[{\"@type\":\"WebPage\",\"@id\":\"https:\/\/www.wundertexte.de\/wundertexte-startseite\/lauf-wunder\/\",\"url\":\"https:\/\/www.wundertexte.de\/wundertexte-startseite\/lauf-wunder\/\",\"name\":\"Lauf, Wunder! - Wundertexte\",\"isPartOf\":{\"@id\":\"https:\/\/www.wundertexte.de\/wundertexte-startseite\/#website\"},\"datePublished\":\"2018-01-25T15:47:18+00:00\",\"dateModified\":\"2022-01-18T15:28:18+00:00\",\"description\":\"Fisch schwimmt. Vogel fliegt. Mensch l\u00e4uft. Wunder l\u00e4uft. Und schreibt dar\u00fcber.\",\"breadcrumb\":{\"@id\":\"https:\/\/www.wundertexte.de\/wundertexte-startseite\/lauf-wunder\/#breadcrumb\"},\"inLanguage\":\"de\",\"potentialAction\":[{\"@type\":\"ReadAction\",\"target\":[\"https:\/\/www.wundertexte.de\/wundertexte-startseite\/lauf-wunder\/\"]}]},{\"@type\":\"BreadcrumbList\",\"@id\":\"https:\/\/www.wundertexte.de\/wundertexte-startseite\/lauf-wunder\/#breadcrumb\",\"itemListElement\":[{\"@type\":\"ListItem\",\"position\":1,\"name\":\"Startseite\",\"item\":\"https:\/\/www.wundertexte.de\/wundertexte-startseite\/\"},{\"@type\":\"ListItem\",\"position\":2,\"name\":\"Lauf, Wunder!\"}]},{\"@type\":\"WebSite\",\"@id\":\"https:\/\/www.wundertexte.de\/wundertexte-startseite\/#website\",\"url\":\"https:\/\/www.wundertexte.de\/wundertexte-startseite\/\",\"name\":\"Wundertexte\",\"description\":\"Wunder macht Texte\",\"publisher\":{\"@id\":\"https:\/\/www.wundertexte.de\/wundertexte-startseite\/#organization\"},\"potentialAction\":[{\"@type\":\"SearchAction\",\"target\":{\"@type\":\"EntryPoint\",\"urlTemplate\":\"https:\/\/www.wundertexte.de\/wundertexte-startseite\/?s={search_term_string}\"},\"query-input\":\"required name=search_term_string\"}],\"inLanguage\":\"de\"},{\"@type\":\"Organization\",\"@id\":\"https:\/\/www.wundertexte.de\/wundertexte-startseite\/#organization\",\"name\":\"Wundertexte\",\"url\":\"https:\/\/www.wundertexte.de\/wundertexte-startseite\/\",\"logo\":{\"@type\":\"ImageObject\",\"inLanguage\":\"de\",\"@id\":\"https:\/\/www.wundertexte.de\/wundertexte-startseite\/#\/schema\/logo\/image\/\",\"url\":\"https:\/\/www.wundertexte.de\/wp-content\/uploads\/2021\/11\/LOGO_wundertexte_RGB_400x400px.jpg\",\"contentUrl\":\"https:\/\/www.wundertexte.de\/wp-content\/uploads\/2021\/11\/LOGO_wundertexte_RGB_400x400px.jpg\",\"width\":1668,\"height\":1667,\"caption\":\"Wundertexte\"},\"image\":{\"@id\":\"https:\/\/www.wundertexte.de\/wundertexte-startseite\/#\/schema\/logo\/image\/\"},\"sameAs\":[\"https:\/\/www.facebook.com\/ClaudiaWundertexte\",\"https:\/\/www.instagram.com\/_wundertexte_\"]}]}<\/script>\n<!-- \/ Yoast SEO plugin. -->","yoast_head_json":{"title":"Lauf, Wunder! - Wundertexte","description":"Fisch schwimmt. Vogel fliegt. Mensch l\u00e4uft. Wunder l\u00e4uft. Und schreibt dar\u00fcber.","robots":{"index":"index","follow":"follow","max-snippet":"max-snippet:-1","max-image-preview":"max-image-preview:large","max-video-preview":"max-video-preview:-1"},"canonical":"https:\/\/www.wundertexte.de\/wundertexte-startseite\/lauf-wunder\/","og_locale":"de_DE","og_type":"article","og_title":"Lauf, Wunder! - Wundertexte","og_description":"Fisch schwimmt. Vogel fliegt. Mensch l\u00e4uft. Wunder l\u00e4uft. Und schreibt dar\u00fcber.","og_url":"https:\/\/www.wundertexte.de\/wundertexte-startseite\/lauf-wunder\/","og_site_name":"Wundertexte","article_publisher":"https:\/\/www.facebook.com\/ClaudiaWundertexte","article_modified_time":"2022-01-18T15:28:18+00:00","og_image":[{"width":1280,"height":800,"url":"https:\/\/www.wundertexte.de\/wp-content\/uploads\/2018\/01\/wundertexte-3-schlicht-s_w.jpg","type":"image\/jpeg"}],"twitter_card":"summary_large_image","twitter_misc":{"Gesch\u00e4tzte Lesezeit":"2\u00a0Minuten"},"schema":{"@context":"https:\/\/schema.org","@graph":[{"@type":"WebPage","@id":"https:\/\/www.wundertexte.de\/wundertexte-startseite\/lauf-wunder\/","url":"https:\/\/www.wundertexte.de\/wundertexte-startseite\/lauf-wunder\/","name":"Lauf, Wunder! - Wundertexte","isPartOf":{"@id":"https:\/\/www.wundertexte.de\/wundertexte-startseite\/#website"},"datePublished":"2018-01-25T15:47:18+00:00","dateModified":"2022-01-18T15:28:18+00:00","description":"Fisch schwimmt. Vogel fliegt. Mensch l\u00e4uft. Wunder l\u00e4uft. Und schreibt dar\u00fcber.","breadcrumb":{"@id":"https:\/\/www.wundertexte.de\/wundertexte-startseite\/lauf-wunder\/#breadcrumb"},"inLanguage":"de","potentialAction":[{"@type":"ReadAction","target":["https:\/\/www.wundertexte.de\/wundertexte-startseite\/lauf-wunder\/"]}]},{"@type":"BreadcrumbList","@id":"https:\/\/www.wundertexte.de\/wundertexte-startseite\/lauf-wunder\/#breadcrumb","itemListElement":[{"@type":"ListItem","position":1,"name":"Startseite","item":"https:\/\/www.wundertexte.de\/wundertexte-startseite\/"},{"@type":"ListItem","position":2,"name":"Lauf, Wunder!"}]},{"@type":"WebSite","@id":"https:\/\/www.wundertexte.de\/wundertexte-startseite\/#website","url":"https:\/\/www.wundertexte.de\/wundertexte-startseite\/","name":"Wundertexte","description":"Wunder macht Texte","publisher":{"@id":"https:\/\/www.wundertexte.de\/wundertexte-startseite\/#organization"},"potentialAction":[{"@type":"SearchAction","target":{"@type":"EntryPoint","urlTemplate":"https:\/\/www.wundertexte.de\/wundertexte-startseite\/?s={search_term_string}"},"query-input":"required name=search_term_string"}],"inLanguage":"de"},{"@type":"Organization","@id":"https:\/\/www.wundertexte.de\/wundertexte-startseite\/#organization","name":"Wundertexte","url":"https:\/\/www.wundertexte.de\/wundertexte-startseite\/","logo":{"@type":"ImageObject","inLanguage":"de","@id":"https:\/\/www.wundertexte.de\/wundertexte-startseite\/#\/schema\/logo\/image\/","url":"https:\/\/www.wundertexte.de\/wp-content\/uploads\/2021\/11\/LOGO_wundertexte_RGB_400x400px.jpg","contentUrl":"https:\/\/www.wundertexte.de\/wp-content\/uploads\/2021\/11\/LOGO_wundertexte_RGB_400x400px.jpg","width":1668,"height":1667,"caption":"Wundertexte"},"image":{"@id":"https:\/\/www.wundertexte.de\/wundertexte-startseite\/#\/schema\/logo\/image\/"},"sameAs":["https:\/\/www.facebook.com\/ClaudiaWundertexte","https:\/\/www.instagram.com\/_wundertexte_"]}]}},"_links":{"self":[{"href":"https:\/\/www.wundertexte.de\/wundertexte-startseite\/wp-json\/wp\/v2\/pages\/82","targetHints":{"allow":["GET"]}}],"collection":[{"href":"https:\/\/www.wundertexte.de\/wundertexte-startseite\/wp-json\/wp\/v2\/pages"}],"about":[{"href":"https:\/\/www.wundertexte.de\/wundertexte-startseite\/wp-json\/wp\/v2\/types\/page"}],"author":[{"embeddable":true,"href":"https:\/\/www.wundertexte.de\/wundertexte-startseite\/wp-json\/wp\/v2\/users\/1"}],"replies":[{"embeddable":true,"href":"https:\/\/www.wundertexte.de\/wundertexte-startseite\/wp-json\/wp\/v2\/comments?post=82"}],"version-history":[{"count":5,"href":"https:\/\/www.wundertexte.de\/wundertexte-startseite\/wp-json\/wp\/v2\/pages\/82\/revisions"}],"predecessor-version":[{"id":1119,"href":"https:\/\/www.wundertexte.de\/wundertexte-startseite\/wp-json\/wp\/v2\/pages\/82\/revisions\/1119"}],"wp:attachment":[{"href":"https:\/\/www.wundertexte.de\/wundertexte-startseite\/wp-json\/wp\/v2\/media?parent=82"}],"curies":[{"name":"wp","href":"https:\/\/api.w.org\/{rel}","templated":true}]}}