{"id":1128,"date":"2022-01-20T10:32:58","date_gmt":"2022-01-20T09:32:58","guid":{"rendered":"https:\/\/www.wundertexte.de\/?page_id=1128"},"modified":"2024-05-21T15:09:28","modified_gmt":"2024-05-21T13:09:28","slug":"wundertexte-startseite","status":"publish","type":"page","link":"https:\/\/www.wundertexte.de\/wundertexte-startseite\/","title":{"rendered":"Wunder macht Texte."},"content":{"rendered":"\n<h4 class=\"wp-block-heading\">Reportagen. Portr\u00e4ts. Berichte. Features. Meldungen. Interviews. Reden. Gru\u00dfworte. Kolumnen. Kommentare. Wundertexte eben. <\/h4>\n\n\n\n<h4 class=\"wp-block-heading\">So einfach ist das. <\/h4>\n\n\n\n<p>Als Journalistin bin ich seit \u00fcber 20 Jahren f\u00fcr die verschiedensten Medien t\u00e4tig und verf\u00fcge so \u00fcber einen gro\u00dfen Erfahrungsschatz, Sprachgef\u00fchl und Sicherheit im Formulieren von Texten f\u00fcr spezifische Zielgruppen.<\/p>\n\n\n\n<p>Als Autorin habe ich eigene B\u00fccher f\u00fcr einen Verlag verfasst und war zudem als Lektorin und Korrektorin t\u00e4tig.<\/p>\n\n\n\n<p>Als Diplom-Sozialp\u00e4dagogin habe ich mich mit sozialen Themen und Problemlagen besch\u00e4ftigt und einen respektvollen, kommunikativen Zugang zu Menschen entwickelt.<\/p>\n\n\n\n<p><\/p>\n\n\n\n<figure class=\"wp-block-image size-large\"><img loading=\"lazy\" decoding=\"async\" width=\"1024\" height=\"191\" src=\"https:\/\/www.wundertexte.de\/wp-content\/uploads\/2024\/05\/wundertexte_signatur_gross-1024x191.jpeg\" alt=\"\" class=\"wp-image-1227\" srcset=\"https:\/\/www.wundertexte.de\/wp-content\/uploads\/2024\/05\/wundertexte_signatur_gross-1024x191.jpeg 1024w, https:\/\/www.wundertexte.de\/wp-content\/uploads\/2024\/05\/wundertexte_signatur_gross-300x56.jpeg 300w, https:\/\/www.wundertexte.de\/wp-content\/uploads\/2024\/05\/wundertexte_signatur_gross-768x143.jpeg 768w, https:\/\/www.wundertexte.de\/wp-content\/uploads\/2024\/05\/wundertexte_signatur_gross-1536x286.jpeg 1536w, https:\/\/www.wundertexte.de\/wp-content\/uploads\/2024\/05\/wundertexte_signatur_gross-2048x381.jpeg 2048w\" sizes=\"auto, (max-width: 1024px) 100vw, 1024px\" \/><\/figure>\n\n\n\n<p><\/p>\n\n\n\n<h4 class=\"wp-block-heading\">Eine private Seite der Frau hinter den Wundertexten gibt es (f\u00fcr alle Neugierigen) nat\u00fcrlich auch:<\/h4>\n\n\n\n<p>Ich bin waschechte N\u00e4mbercherin, Glubberin, L\u00e4uferin, Journalistin und musikverr\u00fcckt. 1972 geboren haben mich musikalisch die sagenumwobenen 80er Jahre gepr\u00e4gt mit Bands wie Metallica, Mot\u00f6rhead, Iron Maiden, Judas Priest oder Slayer. Ge\u00e4ndert hat sich der Musikgeschmack seitdem nicht mehr nennenswert, Hardcore und Metalcore kamen hinzu, eben alles was schnell, laut und hart ist. Motto: Ein Leben ohne den Club und Musik k\u00f6nnte m\u00f6glich sein &#8211; w\u00e4re aber sinnlos!<\/p>\n\n\n<div class=\"wp-block-image\">\n<figure class=\"aligncenter size-full is-resized\"><img loading=\"lazy\" decoding=\"async\" width=\"640\" height=\"640\" src=\"https:\/\/www.wundertexte.de\/wp-content\/uploads\/2022\/01\/pp.jpg\" alt=\"\" class=\"wp-image-1133\" style=\"width:160px;height:160px\" srcset=\"https:\/\/www.wundertexte.de\/wp-content\/uploads\/2022\/01\/pp.jpg 640w, https:\/\/www.wundertexte.de\/wp-content\/uploads\/2022\/01\/pp-300x300.jpg 300w, https:\/\/www.wundertexte.de\/wp-content\/uploads\/2022\/01\/pp-150x150.jpg 150w\" sizes=\"auto, (max-width: 640px) 100vw, 640px\" \/><\/figure>\n<\/div>\n\n\n<div class=\"wp-block-group\"><div class=\"wp-block-group__inner-container is-layout-flow wp-block-group-is-layout-flow\"><\/div><\/div>\n","protected":false},"excerpt":{"rendered":"<p>Reportagen. Portr\u00e4ts. Berichte. Features. Meldungen. Interviews. Reden. Gru\u00dfworte. Kolumnen. Kommentare. Wundertexte eben. So einfach ist das. Als Journalistin bin ich seit \u00fcber 20 Jahren f\u00fcr die verschiedensten Medien t\u00e4tig und verf\u00fcge so \u00fcber einen gro\u00dfen Erfahrungsschatz, Sprachgef\u00fchl und Sicherheit im Formulieren von Texten f\u00fcr spezifische Zielgruppen. Als Autorin habe ich eigene B\u00fccher f\u00fcr einen Verlag [&hellip;]<\/p>\n","protected":false},"author":1,"featured_media":0,"parent":0,"menu_order":0,"comment_status":"closed","ping_status":"closed","template":"","meta":{"footnotes":""},"class_list":["post-1128","page","type-page","status-publish","hentry"],"yoast_head":"<!-- This site is optimized with the Yoast SEO plugin v22.7 - https:\/\/yoast.com\/wordpress\/plugins\/seo\/ -->\n<title>Wunder macht Texte. - Wundertexte<\/title>\n<meta name=\"description\" content=\"Wundertexte hei\u00dft nichts anderes als: Wunder macht Texte. F\u00fcr den Bl\u00e4tterwald. F\u00fcr Kund:innen. \u00dcber den Glubb. Und \u00fcber&#039;s Laufen.\" \/>\n<meta name=\"robots\" content=\"index, follow, max-snippet:-1, max-image-preview:large, max-video-preview:-1\" \/>\n<link rel=\"canonical\" href=\"https:\/\/www.wundertexte.de\/wundertexte-startseite\/\" \/>\n<meta property=\"og:locale\" content=\"de_DE\" \/>\n<meta property=\"og:type\" content=\"article\" \/>\n<meta property=\"og:title\" content=\"Wunder macht Texte. - Wundertexte\" \/>\n<meta property=\"og:description\" content=\"Wundertexte hei\u00dft nichts anderes als: Wunder macht Texte. F\u00fcr den Bl\u00e4tterwald. F\u00fcr Kund:innen. \u00dcber den Glubb. Und \u00fcber&#039;s Laufen.\" \/>\n<meta property=\"og:url\" content=\"https:\/\/www.wundertexte.de\/wundertexte-startseite\/\" \/>\n<meta property=\"og:site_name\" content=\"Wundertexte\" \/>\n<meta property=\"article:publisher\" content=\"https:\/\/www.facebook.com\/ClaudiaWundertexte\" \/>\n<meta property=\"article:modified_time\" content=\"2024-05-21T13:09:28+00:00\" \/>\n<meta property=\"og:image\" content=\"https:\/\/www.wundertexte.de\/wp-content\/uploads\/2024\/05\/wundertexte_signatur_gross-1024x191.jpeg\" \/>\n<meta name=\"twitter:card\" content=\"summary_large_image\" \/>\n<meta name=\"twitter:label1\" content=\"Gesch\u00e4tzte Lesezeit\" \/>\n\t<meta name=\"twitter:data1\" content=\"2\u00a0Minuten\" \/>\n<script type=\"application\/ld+json\" class=\"yoast-schema-graph\">{\"@context\":\"https:\/\/schema.org\",\"@graph\":[{\"@type\":\"WebPage\",\"@id\":\"https:\/\/www.wundertexte.de\/wundertexte-startseite\/\",\"url\":\"https:\/\/www.wundertexte.de\/wundertexte-startseite\/\",\"name\":\"Wunder macht Texte. - Wundertexte\",\"isPartOf\":{\"@id\":\"https:\/\/www.wundertexte.de\/wundertexte-startseite\/#website\"},\"primaryImageOfPage\":{\"@id\":\"https:\/\/www.wundertexte.de\/wundertexte-startseite\/#primaryimage\"},\"image\":{\"@id\":\"https:\/\/www.wundertexte.de\/wundertexte-startseite\/#primaryimage\"},\"thumbnailUrl\":\"https:\/\/www.wundertexte.de\/wp-content\/uploads\/2024\/05\/wundertexte_signatur_gross-1024x191.jpeg\",\"datePublished\":\"2022-01-20T09:32:58+00:00\",\"dateModified\":\"2024-05-21T13:09:28+00:00\",\"description\":\"Wundertexte hei\u00dft nichts anderes als: Wunder macht Texte. F\u00fcr den Bl\u00e4tterwald. F\u00fcr Kund:innen. \u00dcber den Glubb. Und \u00fcber's Laufen.\",\"breadcrumb\":{\"@id\":\"https:\/\/www.wundertexte.de\/wundertexte-startseite\/#breadcrumb\"},\"inLanguage\":\"de\",\"potentialAction\":[{\"@type\":\"ReadAction\",\"target\":[\"https:\/\/www.wundertexte.de\/wundertexte-startseite\/\"]}]},{\"@type\":\"ImageObject\",\"inLanguage\":\"de\",\"@id\":\"https:\/\/www.wundertexte.de\/wundertexte-startseite\/#primaryimage\",\"url\":\"https:\/\/www.wundertexte.de\/wp-content\/uploads\/2024\/05\/wundertexte_signatur_gross-1024x191.jpeg\",\"contentUrl\":\"https:\/\/www.wundertexte.de\/wp-content\/uploads\/2024\/05\/wundertexte_signatur_gross-1024x191.jpeg\"},{\"@type\":\"BreadcrumbList\",\"@id\":\"https:\/\/www.wundertexte.de\/wundertexte-startseite\/#breadcrumb\",\"itemListElement\":[{\"@type\":\"ListItem\",\"position\":1,\"name\":\"Startseite\",\"item\":\"https:\/\/www.wundertexte.de\/wundertexte-startseite\/\"},{\"@type\":\"ListItem\",\"position\":2,\"name\":\"Wunder macht Texte.\"}]},{\"@type\":\"WebSite\",\"@id\":\"https:\/\/www.wundertexte.de\/wundertexte-startseite\/#website\",\"url\":\"https:\/\/www.wundertexte.de\/wundertexte-startseite\/\",\"name\":\"Wundertexte\",\"description\":\"Wunder macht Texte\",\"publisher\":{\"@id\":\"https:\/\/www.wundertexte.de\/wundertexte-startseite\/#organization\"},\"potentialAction\":[{\"@type\":\"SearchAction\",\"target\":{\"@type\":\"EntryPoint\",\"urlTemplate\":\"https:\/\/www.wundertexte.de\/wundertexte-startseite\/?s={search_term_string}\"},\"query-input\":\"required name=search_term_string\"}],\"inLanguage\":\"de\"},{\"@type\":\"Organization\",\"@id\":\"https:\/\/www.wundertexte.de\/wundertexte-startseite\/#organization\",\"name\":\"Wundertexte\",\"url\":\"https:\/\/www.wundertexte.de\/wundertexte-startseite\/\",\"logo\":{\"@type\":\"ImageObject\",\"inLanguage\":\"de\",\"@id\":\"https:\/\/www.wundertexte.de\/wundertexte-startseite\/#\/schema\/logo\/image\/\",\"url\":\"https:\/\/www.wundertexte.de\/wp-content\/uploads\/2021\/11\/LOGO_wundertexte_RGB_400x400px.jpg\",\"contentUrl\":\"https:\/\/www.wundertexte.de\/wp-content\/uploads\/2021\/11\/LOGO_wundertexte_RGB_400x400px.jpg\",\"width\":1668,\"height\":1667,\"caption\":\"Wundertexte\"},\"image\":{\"@id\":\"https:\/\/www.wundertexte.de\/wundertexte-startseite\/#\/schema\/logo\/image\/\"},\"sameAs\":[\"https:\/\/www.facebook.com\/ClaudiaWundertexte\",\"https:\/\/www.instagram.com\/_wundertexte_\"]}]}<\/script>\n<!-- \/ Yoast SEO plugin. -->","yoast_head_json":{"title":"Wunder macht Texte. - Wundertexte","description":"Wundertexte hei\u00dft nichts anderes als: Wunder macht Texte. F\u00fcr den Bl\u00e4tterwald. F\u00fcr Kund:innen. \u00dcber den Glubb. Und \u00fcber's Laufen.","robots":{"index":"index","follow":"follow","max-snippet":"max-snippet:-1","max-image-preview":"max-image-preview:large","max-video-preview":"max-video-preview:-1"},"canonical":"https:\/\/www.wundertexte.de\/wundertexte-startseite\/","og_locale":"de_DE","og_type":"article","og_title":"Wunder macht Texte. - Wundertexte","og_description":"Wundertexte hei\u00dft nichts anderes als: Wunder macht Texte. F\u00fcr den Bl\u00e4tterwald. F\u00fcr Kund:innen. \u00dcber den Glubb. Und \u00fcber's Laufen.","og_url":"https:\/\/www.wundertexte.de\/wundertexte-startseite\/","og_site_name":"Wundertexte","article_publisher":"https:\/\/www.facebook.com\/ClaudiaWundertexte","article_modified_time":"2024-05-21T13:09:28+00:00","og_image":[{"url":"https:\/\/www.wundertexte.de\/wp-content\/uploads\/2024\/05\/wundertexte_signatur_gross-1024x191.jpeg"}],"twitter_card":"summary_large_image","twitter_misc":{"Gesch\u00e4tzte Lesezeit":"2\u00a0Minuten"},"schema":{"@context":"https:\/\/schema.org","@graph":[{"@type":"WebPage","@id":"https:\/\/www.wundertexte.de\/wundertexte-startseite\/","url":"https:\/\/www.wundertexte.de\/wundertexte-startseite\/","name":"Wunder macht Texte. - Wundertexte","isPartOf":{"@id":"https:\/\/www.wundertexte.de\/wundertexte-startseite\/#website"},"primaryImageOfPage":{"@id":"https:\/\/www.wundertexte.de\/wundertexte-startseite\/#primaryimage"},"image":{"@id":"https:\/\/www.wundertexte.de\/wundertexte-startseite\/#primaryimage"},"thumbnailUrl":"https:\/\/www.wundertexte.de\/wp-content\/uploads\/2024\/05\/wundertexte_signatur_gross-1024x191.jpeg","datePublished":"2022-01-20T09:32:58+00:00","dateModified":"2024-05-21T13:09:28+00:00","description":"Wundertexte hei\u00dft nichts anderes als: Wunder macht Texte. F\u00fcr den Bl\u00e4tterwald. F\u00fcr Kund:innen. \u00dcber den Glubb. Und \u00fcber's Laufen.","breadcrumb":{"@id":"https:\/\/www.wundertexte.de\/wundertexte-startseite\/#breadcrumb"},"inLanguage":"de","potentialAction":[{"@type":"ReadAction","target":["https:\/\/www.wundertexte.de\/wundertexte-startseite\/"]}]},{"@type":"ImageObject","inLanguage":"de","@id":"https:\/\/www.wundertexte.de\/wundertexte-startseite\/#primaryimage","url":"https:\/\/www.wundertexte.de\/wp-content\/uploads\/2024\/05\/wundertexte_signatur_gross-1024x191.jpeg","contentUrl":"https:\/\/www.wundertexte.de\/wp-content\/uploads\/2024\/05\/wundertexte_signatur_gross-1024x191.jpeg"},{"@type":"BreadcrumbList","@id":"https:\/\/www.wundertexte.de\/wundertexte-startseite\/#breadcrumb","itemListElement":[{"@type":"ListItem","position":1,"name":"Startseite","item":"https:\/\/www.wundertexte.de\/wundertexte-startseite\/"},{"@type":"ListItem","position":2,"name":"Wunder macht Texte."}]},{"@type":"WebSite","@id":"https:\/\/www.wundertexte.de\/wundertexte-startseite\/#website","url":"https:\/\/www.wundertexte.de\/wundertexte-startseite\/","name":"Wundertexte","description":"Wunder macht Texte","publisher":{"@id":"https:\/\/www.wundertexte.de\/wundertexte-startseite\/#organization"},"potentialAction":[{"@type":"SearchAction","target":{"@type":"EntryPoint","urlTemplate":"https:\/\/www.wundertexte.de\/wundertexte-startseite\/?s={search_term_string}"},"query-input":"required name=search_term_string"}],"inLanguage":"de"},{"@type":"Organization","@id":"https:\/\/www.wundertexte.de\/wundertexte-startseite\/#organization","name":"Wundertexte","url":"https:\/\/www.wundertexte.de\/wundertexte-startseite\/","logo":{"@type":"ImageObject","inLanguage":"de","@id":"https:\/\/www.wundertexte.de\/wundertexte-startseite\/#\/schema\/logo\/image\/","url":"https:\/\/www.wundertexte.de\/wp-content\/uploads\/2021\/11\/LOGO_wundertexte_RGB_400x400px.jpg","contentUrl":"https:\/\/www.wundertexte.de\/wp-content\/uploads\/2021\/11\/LOGO_wundertexte_RGB_400x400px.jpg","width":1668,"height":1667,"caption":"Wundertexte"},"image":{"@id":"https:\/\/www.wundertexte.de\/wundertexte-startseite\/#\/schema\/logo\/image\/"},"sameAs":["https:\/\/www.facebook.com\/ClaudiaWundertexte","https:\/\/www.instagram.com\/_wundertexte_"]}]}},"_links":{"self":[{"href":"https:\/\/www.wundertexte.de\/wundertexte-startseite\/wp-json\/wp\/v2\/pages\/1128","targetHints":{"allow":["GET"]}}],"collection":[{"href":"https:\/\/www.wundertexte.de\/wundertexte-startseite\/wp-json\/wp\/v2\/pages"}],"about":[{"href":"https:\/\/www.wundertexte.de\/wundertexte-startseite\/wp-json\/wp\/v2\/types\/page"}],"author":[{"embeddable":true,"href":"https:\/\/www.wundertexte.de\/wundertexte-startseite\/wp-json\/wp\/v2\/users\/1"}],"replies":[{"embeddable":true,"href":"https:\/\/www.wundertexte.de\/wundertexte-startseite\/wp-json\/wp\/v2\/comments?post=1128"}],"version-history":[{"count":10,"href":"https:\/\/www.wundertexte.de\/wundertexte-startseite\/wp-json\/wp\/v2\/pages\/1128\/revisions"}],"predecessor-version":[{"id":1228,"href":"https:\/\/www.wundertexte.de\/wundertexte-startseite\/wp-json\/wp\/v2\/pages\/1128\/revisions\/1228"}],"wp:attachment":[{"href":"https:\/\/www.wundertexte.de\/wundertexte-startseite\/wp-json\/wp\/v2\/media?parent=1128"}],"curies":[{"name":"wp","href":"https:\/\/api.w.org\/{rel}","templated":true}]}}